{"id":1953,"date":"2023-09-12T01:38:29","date_gmt":"2023-09-12T01:38:29","guid":{"rendered":"https:\/\/miscauchos.com\/?post_type=product&#038;p=1953"},"modified":"2026-02-21T03:36:11","modified_gmt":"2026-02-21T03:36:11","slug":"destination-le3","status":"publish","type":"product","link":"https:\/\/miscauchos.com\/?product=destination-le3","title":{"rendered":"DESTINATION LE3"},"content":{"rendered":"<p>La llanta Firestone Destination LE3 ha sido desarrollada con la m\u00e1s avanzada tecnolog\u00eda. Cortes 3D y profundas ranuras crean m\u00faltiples puntos de contacto para maximizar el agarre y canales de gran tama\u00f1o para llevar el agua fuera de la llanta permitiendo mayor control en condiciones de lluvia. Destination LE3 ofrece un rodado confortable para tu SUV or CUV, sin importar las condiciones de la carretera.<\/p>\n","protected":false},"excerpt":{"rendered":"<h3>3 BENEFICIOS CLAVE<\/h3>\n<div class=\"tire-detail-features__icon-wrapper\">\n<div>Manejo silencioso<\/div>\n<div>Manejo c\u00f3modo<\/div>\n<div>Ahorro de combustible<\/div>\n<\/div>\n","protected":false},"featured_media":1954,"comment_status":"open","ping_status":"closed","template":"","meta":{"_eb_attr":"","site-sidebar-layout":"default","site-content-layout":"","ast-site-content-layout":"default","site-content-style":"default","site-sidebar-style":"default","ast-global-header-display":"","ast-banner-title-visibility":"","ast-main-header-display":"","ast-hfb-above-header-display":"","ast-hfb-below-header-display":"","ast-hfb-mobile-header-display":"","site-post-title":"","ast-breadcrumbs-content":"","ast-featured-img":"","footer-sml-layout":"","theme-transparent-header-meta":"default","adv-header-id-meta":"","stick-header-meta":"","header-above-stick-meta":"","header-main-stick-meta":"","header-below-stick-meta":"","astra-migrate-meta-layouts":"set"},"product_cat":[16],"product_tag":[],"jetpack-related-posts":[],"_links":{"self":[{"href":"https:\/\/miscauchos.com\/index.php?rest_route=\/wp\/v2\/product\/1953"}],"collection":[{"href":"https:\/\/miscauchos.com\/index.php?rest_route=\/wp\/v2\/product"}],"about":[{"href":"https:\/\/miscauchos.com\/index.php?rest_route=\/wp\/v2\/types\/product"}],"replies":[{"embeddable":true,"href":"https:\/\/miscauchos.com\/index.php?rest_route=%2Fwp%2Fv2%2Fcomments&post=1953"}],"wp:featuredmedia":[{"embeddable":true,"href":"https:\/\/miscauchos.com\/index.php?rest_route=\/wp\/v2\/media\/1954"}],"wp:attachment":[{"href":"https:\/\/miscauchos.com\/index.php?rest_route=%2Fwp%2Fv2%2Fmedia&parent=1953"}],"wp:term":[{"taxonomy":"product_cat","embeddable":true,"href":"https:\/\/miscauchos.com\/index.php?rest_route=%2Fwp%2Fv2%2Fproduct_cat&post=1953"},{"taxonomy":"product_tag","embeddable":true,"href":"https:\/\/miscauchos.com\/index.php?rest_route=%2Fwp%2Fv2%2Fproduct_tag&post=1953"}],"curies":[{"name":"wp","href":"https:\/\/api.w.org\/{rel}","templated":true}]}}